{"id":362,"date":"2024-02-29T18:44:09","date_gmt":"2024-02-29T18:44:09","guid":{"rendered":"https:\/\/sumabeneficios.com\/formulario\/?page_id=362"},"modified":"2024-04-29T18:05:35","modified_gmt":"2024-04-29T18:05:35","slug":"lpf-2","status":"publish","type":"page","link":"https:\/\/sumabeneficios.com\/formulario\/","title":{"rendered":"LPF"},"content":{"rendered":"\t\t<div data-elementor-type=\"wp-page\" data-elementor-id=\"362\" class=\"elementor elementor-362\">\n\t\t\t\t<div class=\"elementor-element elementor-element-82eec69 e-flex e-con-boxed e-con e-parent\" data-id=\"82eec69\" data-element_type=\"container\" data-e-type=\"container\" data-settings=\"{&quot;background_background&quot;:&quot;classic&quot;}\">\n\t\t\t\t\t<div class=\"e-con-inner\">\n\t\t<div class=\"elementor-element elementor-element-9ad14cb e-con-full e-flex e-con e-child\" data-id=\"9ad14cb\" data-element_type=\"container\" data-e-type=\"container\">\n\t\t\t\t<\/div>\n\t\t\t\t\t<\/div>\n\t\t\t\t<\/div>\n\t\t<div class=\"elementor-element elementor-element-45b7126 e-flex e-con-boxed e-con e-parent\" data-id=\"45b7126\" data-element_type=\"container\" data-e-type=\"container\">\n\t\t\t\t\t<div class=\"e-con-inner\">\n\t\t<div class=\"elementor-element elementor-element-ef6bb6b e-con-full e-flex e-con e-child\" data-id=\"ef6bb6b\" data-element_type=\"container\" data-e-type=\"container\">\n\t\t\t\t<div class=\"elementor-element elementor-element-78c189b elementor-invisible elementor-widget elementor-widget-image\" data-id=\"78c189b\" data-element_type=\"widget\" data-e-type=\"widget\" data-settings=\"{&quot;_animation&quot;:&quot;zoomIn&quot;}\" data-widget_type=\"image.default\">\n\t\t\t\t<div class=\"elementor-widget-container\">\n\t\t\t\t\t\t\t\t\t\t\t\t\t\t\t<img fetchpriority=\"high\" decoding=\"async\" width=\"300\" height=\"234\" src=\"https:\/\/sumabeneficios.com\/formulario\/wp-content\/uploads\/2024\/03\/remedios-300x234.png\" class=\"attachment-medium size-medium wp-image-673\" alt=\"\" srcset=\"https:\/\/sumabeneficios.com\/formulario\/wp-content\/uploads\/2024\/03\/remedios-300x234.png 300w, https:\/\/sumabeneficios.com\/formulario\/wp-content\/uploads\/2024\/03\/remedios-1024x800.png 1024w, https:\/\/sumabeneficios.com\/formulario\/wp-content\/uploads\/2024\/03\/remedios-768x600.png 768w, https:\/\/sumabeneficios.com\/formulario\/wp-content\/uploads\/2024\/03\/remedios-1536x1200.png 1536w, https:\/\/sumabeneficios.com\/formulario\/wp-content\/uploads\/2024\/03\/remedios.png 1820w\" sizes=\"(max-width: 300px) 100vw, 300px\" \/>\t\t\t\t\t\t\t\t\t\t\t\t\t\t\t<\/div>\n\t\t\t\t<\/div>\n\t\t\t\t<div class=\"elementor-element elementor-element-c8b3429 elementor-widget elementor-widget-heading\" data-id=\"c8b3429\" data-element_type=\"widget\" data-e-type=\"widget\" data-widget_type=\"heading.default\">\n\t\t\t\t<div class=\"elementor-widget-container\">\n\t\t\t\t\t<h2 class=\"elementor-heading-title elementor-size-default\">Plataforma de GESTI\u00d3N de SINIESTROS<\/h2>\t\t\t\t<\/div>\n\t\t\t\t<\/div>\n\t\t\t\t<div class=\"elementor-element elementor-element-185f7b9 elementor-widget elementor-widget-heading\" data-id=\"185f7b9\" data-element_type=\"widget\" data-e-type=\"widget\" data-widget_type=\"heading.default\">\n\t\t\t\t<div class=\"elementor-widget-container\">\n\t\t\t\t\t<h5 class=\"elementor-heading-title elementor-size-medium\">Gestion\u00e1 los accidentes de los jugadores de tu equipo ocurridos en el campo de juego a trav\u00e9s de esta plataforma.<\/h5>\t\t\t\t<\/div>\n\t\t\t\t<\/div>\n\t\t\t\t<\/div>\n\t\t<div class=\"elementor-element elementor-element-b3a68a3 e-con-full e-flex e-con e-child\" data-id=\"b3a68a3\" data-element_type=\"container\" data-e-type=\"container\">\n\t\t\t\t<div class=\"elementor-element elementor-element-12ed130 elementor-align-center elementor-hidden-mobile elementor-widget elementor-widget-button\" data-id=\"12ed130\" data-element_type=\"widget\" data-e-type=\"widget\" data-widget_type=\"button.default\">\n\t\t\t\t<div class=\"elementor-widget-container\">\n\t\t\t\t\t\t\t\t\t<div class=\"elementor-button-wrapper\">\n\t\t\t\t\t<a class=\"elementor-button elementor-button-link elementor-size-md\" href=\"https:\/\/sumabeneficios.com\/formulario\/solicitar-reintegro\">\n\t\t\t\t\t\t<span class=\"elementor-button-content-wrapper\">\n\t\t\t\t\t\t<span class=\"elementor-button-icon\">\n\t\t\t\t<i aria-hidden=\"true\" class=\"fas fa-hand-holding-usd\"><\/i>\t\t\t<\/span>\n\t\t\t\t\t\t\t\t\t<span class=\"elementor-button-text\">GESTIONAR SINIESTRO<\/span>\n\t\t\t\t\t<\/span>\n\t\t\t\t\t<\/a>\n\t\t\t\t<\/div>\n\t\t\t\t\t\t\t\t<\/div>\n\t\t\t\t<\/div>\n\t\t\t\t<\/div>\n\t\t\t\t\t<\/div>\n\t\t\t\t<\/div>\n\t\t<div class=\"elementor-element elementor-element-5141994 e-flex e-con-boxed e-con e-parent\" data-id=\"5141994\" data-element_type=\"container\" data-e-type=\"container\">\n\t\t\t\t\t<div class=\"e-con-inner\">\n\t\t<div class=\"elementor-element elementor-element-a16a86d e-con-full elementor-hidden-desktop elementor-hidden-tablet e-flex e-con e-child\" data-id=\"a16a86d\" data-element_type=\"container\" data-e-type=\"container\">\n\t\t\t\t<div class=\"elementor-element elementor-element-5e2c068 elementor-align-center elementor-widget elementor-widget-button\" data-id=\"5e2c068\" data-element_type=\"widget\" data-e-type=\"widget\" data-widget_type=\"button.default\">\n\t\t\t\t<div class=\"elementor-widget-container\">\n\t\t\t\t\t\t\t\t\t<div class=\"elementor-button-wrapper\">\n\t\t\t\t\t<a class=\"elementor-button elementor-button-link elementor-size-md\" href=\"https:\/\/sumabeneficios.com\/formulario\/solicitar-reintegro\">\n\t\t\t\t\t\t<span class=\"elementor-button-content-wrapper\">\n\t\t\t\t\t\t<span class=\"elementor-button-icon\">\n\t\t\t\t<i aria-hidden=\"true\" class=\"fas fa-hand-holding-usd\"><\/i>\t\t\t<\/span>\n\t\t\t\t\t\t\t\t\t<span class=\"elementor-button-text\">GESTIONAR SINIESTRO<\/span>\n\t\t\t\t\t<\/span>\n\t\t\t\t\t<\/a>\n\t\t\t\t<\/div>\n\t\t\t\t\t\t\t\t<\/div>\n\t\t\t\t<\/div>\n\t\t\t\t<\/div>\n\t\t\t\t\t<\/div>\n\t\t\t\t<\/div>\n\t\t\t\t<\/div>\n\t\t","protected":false},"excerpt":{"rendered":"<p>Plataforma de GESTI\u00d3N de SINIESTROS Gestion\u00e1 los accidentes de los jugadores de tu equipo ocurridos en el campo de juego a trav\u00e9s de esta plataforma. GESTIONAR SINIESTRO GESTIONAR SINIESTRO<\/p>\n","protected":false},"author":2,"featured_media":0,"parent":0,"menu_order":0,"comment_status":"closed","ping_status":"closed","template":"elementor_canvas","meta":{"footnotes":""},"class_list":["post-362","page","type-page","status-publish","hentry"],"_links":{"self":[{"href":"https:\/\/sumabeneficios.com\/formulario\/wp-json\/wp\/v2\/pages\/362","targetHints":{"allow":["GET"]}}],"collection":[{"href":"https:\/\/sumabeneficios.com\/formulario\/wp-json\/wp\/v2\/pages"}],"about":[{"href":"https:\/\/sumabeneficios.com\/formulario\/wp-json\/wp\/v2\/types\/page"}],"author":[{"embeddable":true,"href":"https:\/\/sumabeneficios.com\/formulario\/wp-json\/wp\/v2\/users\/2"}],"replies":[{"embeddable":true,"href":"https:\/\/sumabeneficios.com\/formulario\/wp-json\/wp\/v2\/comments?post=362"}],"version-history":[{"count":127,"href":"https:\/\/sumabeneficios.com\/formulario\/wp-json\/wp\/v2\/pages\/362\/revisions"}],"predecessor-version":[{"id":759,"href":"https:\/\/sumabeneficios.com\/formulario\/wp-json\/wp\/v2\/pages\/362\/revisions\/759"}],"wp:attachment":[{"href":"https:\/\/sumabeneficios.com\/formulario\/wp-json\/wp\/v2\/media?parent=362"}],"curies":[{"name":"wp","href":"https:\/\/api.w.org\/{rel}","templated":true}]}}